{"id":762,"date":"2024-07-06T21:25:42","date_gmt":"2024-07-06T19:25:42","guid":{"rendered":"https:\/\/vignette-france-critair.com\/?page_id=762"},"modified":"2024-07-07T10:13:33","modified_gmt":"2024-07-07T08:13:33","slug":"accueil-startseite","status":"publish","type":"page","link":"https:\/\/vignette-france-critair.com\/de\/","title":{"rendered":"Accueil Startseite"},"content":{"rendered":"<div data-elementor-type=\"wp-page\" data-elementor-id=\"762\" class=\"elementor elementor-762\" data-elementor-post-type=\"page\">\n\t\t\t\t\t\t<section class=\"elementor-section elementor-top-section elementor-element elementor-element-351e1a6 elementor-section-height-min-height elementor-section-boxed elementor-section-height-default elementor-section-items-middle\" data-id=\"351e1a6\" data-element_type=\"section\" data-settings=\"{&quot;background_background&quot;:&quot;classic&quot;}\">\n\t\t\t\t\t\t<div class=\"elementor-container elementor-column-gap-default\">\n\t\t\t\t\t<div class=\"elementor-column elementor-col-100 elementor-top-column elementor-element elementor-element-1bafdbd1\" data-id=\"1bafdbd1\" data-element_type=\"column\" data-settings=\"{&quot;background_background&quot;:&quot;classic&quot;}\">\n\t\t\t<div class=\"elementor-widget-wrap elementor-element-populated\">\n\t\t\t\t\t\t<div class=\"elementor-element elementor-element-2691082a elementor-headline--style-rotate elementor-widget elementor-widget-animated-headline\" data-id=\"2691082a\" data-element_type=\"widget\" data-settings=\"{&quot;headline_style&quot;:&quot;rotate&quot;,&quot;animation_type&quot;:&quot;slide&quot;,&quot;rotating_text&quot;:&quot;Frankreich Crit&#039;Air &quot;,&quot;rotate_iteration_delay&quot;:2500}\" data-widget_type=\"animated-headline.default\">\n\t\t\t\t<div class=\"elementor-widget-container\">\n\t\t\t\t\t\t\t<h1 class=\"elementor-headline elementor-headline-animation-type-slide\">\n\t\t\t\t\t<span class=\"elementor-headline-plain-text elementor-headline-text-wrapper\">Erhalten Sie Ihre<\/span>\n\t\t\t\t<span class=\"elementor-headline-dynamic-wrapper elementor-headline-text-wrapper\">\n\t\t\t\t\t<span class=\"elementor-headline-dynamic-text elementor-headline-text-active\">\n\t\t\t\tFrankreich&nbsp;Crit'Air&nbsp;\t\t\t<\/span>\n\t\t\t\t\t\t<\/span>\n\t\t\t\t\t<span class=\"elementor-headline-plain-text elementor-headline-text-wrapper\"> einfach und schnell!<\/span>\n\t\t\t\t\t<\/h1>\n\t\t\t\t\t\t<\/div>\n\t\t\t\t<\/div>\n\t\t\t\t<div class=\"elementor-element elementor-element-78154275 elementor-widget elementor-widget-text-editor\" data-id=\"78154275\" data-element_type=\"widget\" data-widget_type=\"text-editor.default\">\n\t\t\t\t<div class=\"elementor-widget-container\">\n\t\t\t\t\t\t\t\t\t<p>Frankreich Crit&rsquo;Air : Unverzichtbar f\u00fcr verantwortungsbewusstes Fahren<\/p>\t\t\t\t\t\t\t\t<\/div>\n\t\t\t\t<\/div>\n\t\t\t\t<div class=\"elementor-element elementor-element-7fdd8375 elementor-widget elementor-widget-button\" data-id=\"7fdd8375\" data-element_type=\"widget\" data-widget_type=\"button.default\">\n\t\t\t\t<div class=\"elementor-widget-container\">\n\t\t\t\t\t\t\t\t\t<div class=\"elementor-button-wrapper\">\n\t\t\t\t\t<a class=\"elementor-button elementor-button-link elementor-size-sm\" href=\"\/de\/product\/anti-schadstoffplakette-fur-auslandische-fahrzeuge\/\">\n\t\t\t\t\t\t<span class=\"elementor-button-content-wrapper\">\n\t\t\t\t\t\t\t\t\t<span class=\"elementor-button-text\">Jetzt bestellen<\/span>\n\t\t\t\t\t<\/span>\n\t\t\t\t\t<\/a>\n\t\t\t\t<\/div>\n\t\t\t\t\t\t\t\t<\/div>\n\t\t\t\t<\/div>\n\t\t\t\t\t<\/div>\n\t\t<\/div>\n\t\t\t\t\t<\/div>\n\t\t<\/section>\n\t\t\t\t<section class=\"elementor-section elementor-top-section elementor-element elementor-element-3e9bc539 elementor-section-boxed elementor-section-height-default elementor-section-height-default\" data-id=\"3e9bc539\" data-element_type=\"section\">\n\t\t\t\t\t\t<div class=\"elementor-container elementor-column-gap-default\">\n\t\t\t\t\t<div class=\"elementor-column elementor-col-33 elementor-top-column elementor-element elementor-element-3f64a81 elementor-invisible\" data-id=\"3f64a81\" data-element_type=\"column\" data-settings=\"{&quot;background_background&quot;:&quot;classic&quot;,&quot;animation&quot;:&quot;fadeInUp&quot;}\">\n\t\t\t<div class=\"elementor-widget-wrap elementor-element-populated\">\n\t\t\t\t\t\t<div class=\"elementor-element elementor-element-66255e2e elementor-position-top elementor-widget elementor-widget-image-box\" data-id=\"66255e2e\" data-element_type=\"widget\" data-widget_type=\"image-box.default\">\n\t\t\t\t<div class=\"elementor-widget-container\">\n\t\t\t\t\t<div class=\"elementor-image-box-wrapper\"><figure class=\"elementor-image-box-img\"><img decoding=\"async\" width=\"128\" height=\"128\" src=\"https:\/\/vignette-france-critair.com\/wp-content\/uploads\/2024\/07\/livraison-a-domicile.png\" class=\"attachment-full size-full wp-image-745\" alt=\"\" srcset=\"https:\/\/vignette-france-critair.com\/wp-content\/uploads\/2024\/07\/livraison-a-domicile.png 128w, https:\/\/vignette-france-critair.com\/wp-content\/uploads\/2024\/07\/livraison-a-domicile-12x12.png 12w, https:\/\/vignette-france-critair.com\/wp-content\/uploads\/2024\/07\/livraison-a-domicile-100x100.png 100w\" sizes=\"(max-width: 128px) 100vw, 128px\" \/><\/figure><div class=\"elementor-image-box-content\"><div class=\"elementor-image-box-title\">Lieferung nach Hause<\/div><p class=\"elementor-image-box-description\">Erhalten Sie Ihre Vignette direkt nach Hause.<\/p><\/div><\/div>\t\t\t\t<\/div>\n\t\t\t\t<\/div>\n\t\t\t\t\t<\/div>\n\t\t<\/div>\n\t\t\t\t<div class=\"elementor-column elementor-col-33 elementor-top-column elementor-element elementor-element-7714f4c4 elementor-invisible\" data-id=\"7714f4c4\" data-element_type=\"column\" data-settings=\"{&quot;background_background&quot;:&quot;classic&quot;,&quot;animation&quot;:&quot;fadeInUp&quot;,&quot;animation_delay&quot;:100}\">\n\t\t\t<div class=\"elementor-widget-wrap elementor-element-populated\">\n\t\t\t\t\t\t<div class=\"elementor-element elementor-element-16d0e0aa elementor-position-top elementor-widget elementor-widget-image-box\" data-id=\"16d0e0aa\" data-element_type=\"widget\" data-widget_type=\"image-box.default\">\n\t\t\t\t<div class=\"elementor-widget-container\">\n\t\t\t\t\t<div class=\"elementor-image-box-wrapper\"><figure class=\"elementor-image-box-img\"><img decoding=\"async\" width=\"128\" height=\"128\" src=\"https:\/\/vignette-france-critair.com\/wp-content\/uploads\/2024\/07\/paiement-securise.png\" class=\"attachment-full size-full wp-image-743\" alt=\"\" srcset=\"https:\/\/vignette-france-critair.com\/wp-content\/uploads\/2024\/07\/paiement-securise.png 128w, https:\/\/vignette-france-critair.com\/wp-content\/uploads\/2024\/07\/paiement-securise-12x12.png 12w, https:\/\/vignette-france-critair.com\/wp-content\/uploads\/2024\/07\/paiement-securise-100x100.png 100w\" sizes=\"(max-width: 128px) 100vw, 128px\" \/><\/figure><div class=\"elementor-image-box-content\"><h3 class=\"elementor-image-box-title\">Sicheres Bezahlen<\/h3><p class=\"elementor-image-box-description\">Bestellen Sie Ihre Vignette in aller Ruhe.<\/p><\/div><\/div>\t\t\t\t<\/div>\n\t\t\t\t<\/div>\n\t\t\t\t\t<\/div>\n\t\t<\/div>\n\t\t\t\t<div class=\"elementor-column elementor-col-33 elementor-top-column elementor-element elementor-element-78026af9 elementor-invisible\" data-id=\"78026af9\" data-element_type=\"column\" data-settings=\"{&quot;background_background&quot;:&quot;classic&quot;,&quot;animation&quot;:&quot;fadeInUp&quot;,&quot;animation_delay&quot;:200}\">\n\t\t\t<div class=\"elementor-widget-wrap elementor-element-populated\">\n\t\t\t\t\t\t<div class=\"elementor-element elementor-element-470985af elementor-position-top elementor-widget elementor-widget-image-box\" data-id=\"470985af\" data-element_type=\"widget\" data-widget_type=\"image-box.default\">\n\t\t\t\t<div class=\"elementor-widget-container\">\n\t\t\t\t\t<div class=\"elementor-image-box-wrapper\"><figure class=\"elementor-image-box-img\"><img decoding=\"async\" width=\"128\" height=\"128\" src=\"https:\/\/vignette-france-critair.com\/wp-content\/uploads\/2024\/07\/suivi-de-commande.png\" class=\"attachment-full size-full wp-image-746\" alt=\"\" srcset=\"https:\/\/vignette-france-critair.com\/wp-content\/uploads\/2024\/07\/suivi-de-commande.png 128w, https:\/\/vignette-france-critair.com\/wp-content\/uploads\/2024\/07\/suivi-de-commande-12x12.png 12w, https:\/\/vignette-france-critair.com\/wp-content\/uploads\/2024\/07\/suivi-de-commande-100x100.png 100w\" sizes=\"(max-width: 128px) 100vw, 128px\" \/><\/figure><div class=\"elementor-image-box-content\"><h3 class=\"elementor-image-box-title\">Verfolgung Ihrer Bestellung<\/h3><p class=\"elementor-image-box-description\">Folgen Sie Ihrer Vignette bei jedem Schritt.<\/p><\/div><\/div>\t\t\t\t<\/div>\n\t\t\t\t<\/div>\n\t\t\t\t\t<\/div>\n\t\t<\/div>\n\t\t\t\t\t<\/div>\n\t\t<\/section>\n\t\t\t\t<section class=\"elementor-section elementor-top-section elementor-element elementor-element-59676099 elementor-section-boxed elementor-section-height-default elementor-section-height-default\" data-id=\"59676099\" data-element_type=\"section\">\n\t\t\t\t\t\t<div class=\"elementor-container elementor-column-gap-default\">\n\t\t\t\t\t<div class=\"elementor-column elementor-col-50 elementor-top-column elementor-element elementor-element-4a96521a\" data-id=\"4a96521a\" data-element_type=\"column\">\n\t\t\t<div class=\"elementor-widget-wrap elementor-element-populated\">\n\t\t\t\t\t\t<div class=\"elementor-element elementor-element-2cf131d8 elementor-widget elementor-widget-image\" data-id=\"2cf131d8\" data-element_type=\"widget\" data-widget_type=\"image.default\">\n\t\t\t\t<div class=\"elementor-widget-container\">\n\t\t\t\t\t\t\t\t\t\t\t\t\t\t\t<img loading=\"lazy\" decoding=\"async\" width=\"620\" height=\"349\" src=\"https:\/\/vignette-france-critair.com\/wp-content\/uploads\/2024\/07\/vignette-critair.png\" class=\"attachment-full size-full wp-image-730\" alt=\"\" srcset=\"https:\/\/vignette-france-critair.com\/wp-content\/uploads\/2024\/07\/vignette-critair.png 620w, https:\/\/vignette-france-critair.com\/wp-content\/uploads\/2024\/07\/vignette-critair-300x169.png 300w, https:\/\/vignette-france-critair.com\/wp-content\/uploads\/2024\/07\/vignette-critair-18x10.png 18w, https:\/\/vignette-france-critair.com\/wp-content\/uploads\/2024\/07\/vignette-critair-600x338.png 600w\" sizes=\"(max-width: 620px) 100vw, 620px\" \/>\t\t\t\t\t\t\t\t\t\t\t\t\t\t\t<\/div>\n\t\t\t\t<\/div>\n\t\t\t\t\t<\/div>\n\t\t<\/div>\n\t\t\t\t<div class=\"elementor-column elementor-col-50 elementor-top-column elementor-element elementor-element-456728c4\" data-id=\"456728c4\" data-element_type=\"column\">\n\t\t\t<div class=\"elementor-widget-wrap elementor-element-populated\">\n\t\t\t\t\t\t<div class=\"elementor-element elementor-element-36b5bf68 elementor-widget elementor-widget-text-editor\" data-id=\"36b5bf68\" data-element_type=\"widget\" data-widget_type=\"text-editor.default\">\n\t\t\t\t<div class=\"elementor-widget-container\">\n\t\t\t\t\t\t\t\t\t<p>Die Frankreich Crit&rsquo;Air ist wichtig, um in den verkehrsberuhigten Zonen (ZCR) in Frankreich fahren zu k\u00f6nnen.<\/p>\n<p>Sie erm\u00f6glicht es, die Fahrzeuge nach ihrem Verschmutzungsgrad zu unterscheiden und diejenigen zu bevorzugen, die am wenigsten Schadstoffe aussto\u00dfen. Indem Sie eine Frankreich Crit&rsquo;Air besitzen, tragen Sie zur Verringerung der Luftverschmutzung und zur Verbesserung der Lebensqualit\u00e4t in unseren St\u00e4dten bei.<\/p>\n<p>Ob Sie nun Anwohner oder Besucher sind, es ist entscheidend, dass Sie sich an diese Vorschriften halten, um Bu\u00dfgelder und Verkehrsbeschr\u00e4nkungen zu vermeiden.<\/p>\t\t\t\t\t\t\t\t<\/div>\n\t\t\t\t<\/div>\n\t\t\t\t<div class=\"elementor-element elementor-element-7c16c3ef elementor-widget elementor-widget-button\" data-id=\"7c16c3ef\" data-element_type=\"widget\" data-widget_type=\"button.default\">\n\t\t\t\t<div class=\"elementor-widget-container\">\n\t\t\t\t\t\t\t\t\t<div class=\"elementor-button-wrapper\">\n\t\t\t\t\t<a class=\"elementor-button elementor-button-link elementor-size-sm\" href=\"\/de\/product\/anti-schadstoffplakette-fur-auslandische-fahrzeuge\/\">\n\t\t\t\t\t\t<span class=\"elementor-button-content-wrapper\">\n\t\t\t\t\t\t\t\t\t<span class=\"elementor-button-text\">Hier bestellen<\/span>\n\t\t\t\t\t<\/span>\n\t\t\t\t\t<\/a>\n\t\t\t\t<\/div>\n\t\t\t\t\t\t\t\t<\/div>\n\t\t\t\t<\/div>\n\t\t\t\t\t<\/div>\n\t\t<\/div>\n\t\t\t\t\t<\/div>\n\t\t<\/section>\n\t\t\t\t<section class=\"elementor-section elementor-top-section elementor-element elementor-element-3e3a7714 elementor-section-boxed elementor-section-height-default elementor-section-height-default\" data-id=\"3e3a7714\" data-element_type=\"section\" data-settings=\"{&quot;background_background&quot;:&quot;classic&quot;}\">\n\t\t\t\t\t\t<div class=\"elementor-container elementor-column-gap-default\">\n\t\t\t\t\t<div class=\"elementor-column elementor-col-50 elementor-top-column elementor-element elementor-element-243e47db\" data-id=\"243e47db\" data-element_type=\"column\">\n\t\t\t<div class=\"elementor-widget-wrap elementor-element-populated\">\n\t\t\t\t\t\t<div class=\"elementor-element elementor-element-547c3b83 elementor-widget elementor-widget-heading\" data-id=\"547c3b83\" data-element_type=\"widget\" data-widget_type=\"heading.default\">\n\t\t\t\t<div class=\"elementor-widget-container\">\n\t\t\t\t\t<h2 class=\"elementor-heading-title elementor-size-default\">Arten und Kategorien von Frankreich Crit'Air <\/h2>\t\t\t\t<\/div>\n\t\t\t\t<\/div>\n\t\t\t\t<div class=\"elementor-element elementor-element-2c69f31a elementor-widget elementor-widget-text-editor\" data-id=\"2c69f31a\" data-element_type=\"widget\" data-widget_type=\"text-editor.default\">\n\t\t\t\t<div class=\"elementor-widget-container\">\n\t\t\t\t\t\t\t\t\t<p>Die Frankreich Crit&rsquo;Air ist in mehrere Kategorien unterteilt, je nachdem, wie hoch der Schadstoffaussto\u00df der Fahrzeuge ist. Elektro- und Wasserstofffahrzeuge erhalten die gr\u00fcne Vignette, die einen uneingeschr\u00e4nkten Zugang zu verkehrsberuhigten Zonen (ZCR) bietet.<\/p>\n<p>Erdgasfahrzeuge und Plug-in-Hybride erhalten die Frankreich Crit&rsquo;Air 1, die einen privilegierten Zugang erm\u00f6glicht. Neuere Benzin- und Dieselfahrzeuge erhalten die Frankreich Crit&rsquo;Air 2 und 3, mit unterschiedlichem Zugang je nach Zulassungsdatum. \u00c4ltere Diesel erhalten die Frankreich Crit&rsquo;Air 4 und 5, mit strengeren Beschr\u00e4nkungen in den ZCR.<\/p>\t\t\t\t\t\t\t\t<\/div>\n\t\t\t\t<\/div>\n\t\t\t\t\t<\/div>\n\t\t<\/div>\n\t\t\t\t<div class=\"elementor-column elementor-col-50 elementor-top-column elementor-element elementor-element-37a8531c\" data-id=\"37a8531c\" data-element_type=\"column\">\n\t\t\t<div class=\"elementor-widget-wrap elementor-element-populated\">\n\t\t\t\t\t\t<div class=\"elementor-element elementor-element-889bcd5 elementor-widget elementor-widget-image\" data-id=\"889bcd5\" data-element_type=\"widget\" data-widget_type=\"image.default\">\n\t\t\t\t<div class=\"elementor-widget-container\">\n\t\t\t\t\t\t\t\t\t\t\t\t\t\t\t<img loading=\"lazy\" decoding=\"async\" width=\"657\" height=\"438\" src=\"https:\/\/vignette-france-critair.com\/wp-content\/uploads\/2024\/05\/critair-vignette-electrique-1.jpg\" class=\"attachment-large size-large wp-image-137\" alt=\"\" srcset=\"https:\/\/vignette-france-critair.com\/wp-content\/uploads\/2024\/05\/critair-vignette-electrique-1.jpg 657w, https:\/\/vignette-france-critair.com\/wp-content\/uploads\/2024\/05\/critair-vignette-electrique-1-600x400.jpg 600w, https:\/\/vignette-france-critair.com\/wp-content\/uploads\/2024\/05\/critair-vignette-electrique-1-300x200.jpg 300w, https:\/\/vignette-france-critair.com\/wp-content\/uploads\/2024\/05\/critair-vignette-electrique-1-18x12.jpg 18w\" sizes=\"(max-width: 657px) 100vw, 657px\" \/>\t\t\t\t\t\t\t\t\t\t\t\t\t\t\t<\/div>\n\t\t\t\t<\/div>\n\t\t\t\t\t<\/div>\n\t\t<\/div>\n\t\t\t\t\t<\/div>\n\t\t<\/section>\n\t\t\t\t<section class=\"elementor-section elementor-top-section elementor-element elementor-element-97f8d9b elementor-section-boxed elementor-section-height-default elementor-section-height-default\" data-id=\"97f8d9b\" data-element_type=\"section\">\n\t\t\t\t\t\t<div class=\"elementor-container elementor-column-gap-default\">\n\t\t\t\t\t<div class=\"elementor-column elementor-col-50 elementor-top-column elementor-element elementor-element-a56a1a9\" data-id=\"a56a1a9\" data-element_type=\"column\">\n\t\t\t<div class=\"elementor-widget-wrap elementor-element-populated\">\n\t\t\t\t\t\t<section class=\"elementor-section elementor-inner-section elementor-element elementor-element-ee95cbb elementor-section-boxed elementor-section-height-default elementor-section-height-default\" data-id=\"ee95cbb\" data-element_type=\"section\">\n\t\t\t\t\t\t<div class=\"elementor-container elementor-column-gap-no\">\n\t\t\t\t\t<div class=\"elementor-column elementor-col-100 elementor-inner-column elementor-element elementor-element-e667535\" data-id=\"e667535\" data-element_type=\"column\" data-settings=\"{&quot;background_background&quot;:&quot;classic&quot;}\">\n\t\t\t<div class=\"elementor-widget-wrap elementor-element-populated\">\n\t\t\t\t\t<div class=\"elementor-background-overlay\"><\/div>\n\t\t\t\t\t\t<div class=\"elementor-element elementor-element-3642287 elementor-invisible elementor-widget elementor-widget-image\" data-id=\"3642287\" data-element_type=\"widget\" data-settings=\"{&quot;_animation&quot;:&quot;fadeInUp&quot;}\" data-widget_type=\"image.default\">\n\t\t\t\t<div class=\"elementor-widget-container\">\n\t\t\t\t\t\t\t\t\t\t\t\t\t\t\t<img loading=\"lazy\" decoding=\"async\" width=\"527\" height=\"487\" src=\"https:\/\/vignette-france-critair.com\/wp-content\/uploads\/2024\/07\/studio-shot-of-optimistic-afro-american-woman-with-2022-02-03-00-25-21-utc.png\" class=\"attachment-full size-full wp-image-607\" alt=\"\" srcset=\"https:\/\/vignette-france-critair.com\/wp-content\/uploads\/2024\/07\/studio-shot-of-optimistic-afro-american-woman-with-2022-02-03-00-25-21-utc.png 527w, https:\/\/vignette-france-critair.com\/wp-content\/uploads\/2024\/07\/studio-shot-of-optimistic-afro-american-woman-with-2022-02-03-00-25-21-utc-300x277.png 300w, https:\/\/vignette-france-critair.com\/wp-content\/uploads\/2024\/07\/studio-shot-of-optimistic-afro-american-woman-with-2022-02-03-00-25-21-utc-13x12.png 13w\" sizes=\"(max-width: 527px) 100vw, 527px\" \/>\t\t\t\t\t\t\t\t\t\t\t\t\t\t\t<\/div>\n\t\t\t\t<\/div>\n\t\t\t\t\t<\/div>\n\t\t<\/div>\n\t\t\t\t\t<\/div>\n\t\t<\/section>\n\t\t\t\t\t<\/div>\n\t\t<\/div>\n\t\t\t\t<div class=\"elementor-column elementor-col-50 elementor-top-column elementor-element elementor-element-f49f762\" data-id=\"f49f762\" data-element_type=\"column\">\n\t\t\t<div class=\"elementor-widget-wrap elementor-element-populated\">\n\t\t\t\t\t\t<div class=\"elementor-element elementor-element-f2d2645 elementor-widget elementor-widget-heading\" data-id=\"f2d2645\" data-element_type=\"widget\" data-widget_type=\"heading.default\">\n\t\t\t\t<div class=\"elementor-widget-container\">\n\t\t\t\t\t<h2 class=\"elementor-heading-title elementor-size-default\">Kontaktieren Sie uns f\u00fcr weitere Informationen<\/h2>\t\t\t\t<\/div>\n\t\t\t\t<\/div>\n\t\t\t\t<div class=\"elementor-element elementor-element-b4c3852 elementor-button-align-stretch elementor-widget elementor-widget-form\" data-id=\"b4c3852\" data-element_type=\"widget\" data-settings=\"{&quot;step_next_label&quot;:&quot;Next&quot;,&quot;step_previous_label&quot;:&quot;Previous&quot;,&quot;button_width&quot;:&quot;40&quot;,&quot;step_type&quot;:&quot;number_text&quot;,&quot;step_icon_shape&quot;:&quot;circle&quot;}\" data-widget_type=\"form.default\">\n\t\t\t\t<div class=\"elementor-widget-container\">\n\t\t\t\t\t\t\t<form class=\"elementor-form\" method=\"post\" name=\"Contact Form\" action=\"\">\n\t\t\t<input type=\"hidden\" name=\"post_id\" value=\"762\"\/>\n\t\t\t<input type=\"hidden\" name=\"form_id\" value=\"b4c3852\"\/>\n\t\t\t<input type=\"hidden\" name=\"referer_title\" value=\"\" \/>\n\n\t\t\t\n\t\t\t<div class=\"elementor-form-fields-wrapper elementor-labels-above\">\n\t\t\t\t\t\t\t\t<div class=\"elementor-field-type-text elementor-field-group elementor-column elementor-field-group-name elementor-col-100\">\n\t\t\t\t\t\t\t\t\t\t\t\t<label for=\"form-field-name\" class=\"elementor-field-label\">\n\t\t\t\t\t\t\t\tVollst\u00e4ndiger Name\t\t\t\t\t\t\t<\/label>\n\t\t\t\t\t\t\t\t\t\t\t\t\t\t<input size=\"1\" type=\"text\" name=\"form_fields[name]\" id=\"form-field-name\" class=\"elementor-field elementor-size-sm  elementor-field-textual\" placeholder=\"Vollst\u00e4ndiger Name\">\n\t\t\t\t\t\t\t\t\t\t\t<\/div>\n\t\t\t\t\t\t\t\t<div class=\"elementor-field-type-email elementor-field-group elementor-column elementor-field-group-email elementor-col-50 elementor-field-required\">\n\t\t\t\t\t\t\t\t\t\t\t\t<label for=\"form-field-email\" class=\"elementor-field-label\">\n\t\t\t\t\t\t\t\tE-Mail-Adresse\t\t\t\t\t\t\t<\/label>\n\t\t\t\t\t\t\t\t\t\t\t\t\t\t<input size=\"1\" type=\"email\" name=\"form_fields[email]\" id=\"form-field-email\" class=\"elementor-field elementor-size-sm  elementor-field-textual\" placeholder=\"E-Mail-Adresse\" required=\"required\" aria-required=\"true\">\n\t\t\t\t\t\t\t\t\t\t\t<\/div>\n\t\t\t\t\t\t\t\t<div class=\"elementor-field-type-number elementor-field-group elementor-column elementor-field-group-field_ce526d3 elementor-col-50 elementor-field-required\">\n\t\t\t\t\t\t\t\t\t\t\t\t<label for=\"form-field-field_ce526d3\" class=\"elementor-field-label\">\n\t\t\t\t\t\t\t\tTelefonnummer\t\t\t\t\t\t\t<\/label>\n\t\t\t\t\t\t\t\t\t<input type=\"number\" name=\"form_fields[field_ce526d3]\" id=\"form-field-field_ce526d3\" class=\"elementor-field elementor-size-sm  elementor-field-textual\" placeholder=\"Telefonnummer\" required=\"required\" aria-required=\"true\" min=\"\" max=\"\" >\n\t\t\t\t\t\t<\/div>\n\t\t\t\t\t\t\t\t<div class=\"elementor-field-type-textarea elementor-field-group elementor-column elementor-field-group-message elementor-col-100\">\n\t\t\t\t\t\t\t\t\t\t\t\t<label for=\"form-field-message\" class=\"elementor-field-label\">\n\t\t\t\t\t\t\t\tNachricht\t\t\t\t\t\t\t<\/label>\n\t\t\t\t\t\t<textarea class=\"elementor-field-textual elementor-field  elementor-size-sm\" name=\"form_fields[message]\" id=\"form-field-message\" rows=\"4\" placeholder=\"Nachricht\"><\/textarea>\t\t\t\t<\/div>\n\t\t\t\t\t\t\t\t<div class=\"elementor-field-type-recaptcha_v3 elementor-field-group elementor-column elementor-field-group-field_df1f7a1 elementor-col-100 recaptcha_v3-bottomright\">\n\t\t\t\t\t<div class=\"elementor-field\" id=\"form-field-field_df1f7a1\"><div class=\"elementor-g-recaptcha\" data-sitekey=\"6Ldg7wkqAAAAAPf1OqOn0y_531YXHDQAPIGYpgkh\" data-type=\"v3\" data-action=\"Form\" data-badge=\"bottomright\" data-size=\"invisible\"><\/div><\/div>\t\t\t\t<\/div>\n\t\t\t\t\t\t\t\t<div class=\"elementor-field-group elementor-column elementor-field-type-submit elementor-col-40 e-form__buttons\">\n\t\t\t\t\t<button type=\"submit\" class=\"elementor-button elementor-size-sm\">\n\t\t\t\t\t\t<span >\n\t\t\t\t\t\t\t\t\t\t\t\t\t\t\t<span class=\"elementor-button-icon\">\n\t\t\t\t\t\t\t\t\t\t\t\t\t\t\t\t\t\t\t\t\t\t\t\t\t\t<\/span>\n\t\t\t\t\t\t\t\t\t\t\t\t\t\t\t\t\t\t\t\t\t\t<span class=\"elementor-button-text\">Senden Sie<\/span>\n\t\t\t\t\t\t\t\t\t\t\t\t\t<\/span>\n\t\t\t\t\t<\/button>\n\t\t\t\t<\/div>\n\t\t\t<\/div>\n\t\t<input type=\"hidden\" name=\"trp-form-language\" value=\"de\"\/><\/form>\n\t\t\t\t\t\t<\/div>\n\t\t\t\t<\/div>\n\t\t\t\t<div class=\"elementor-element elementor-element-b6a6fc9 elementor-widget elementor-widget-heading\" data-id=\"b6a6fc9\" data-element_type=\"widget\" data-widget_type=\"heading.default\">\n\t\t\t\t<div class=\"elementor-widget-container\">\n\t\t\t\t\t<h6 class=\"elementor-heading-title elementor-size-default\">Wir werden uns innerhalb von 24 Stunden per E-Mail mit Ihnen in Verbindung setzen.<\/h6>\t\t\t\t<\/div>\n\t\t\t\t<\/div>\n\t\t\t\t\t<\/div>\n\t\t<\/div>\n\t\t\t\t\t<\/div>\n\t\t<\/section>\n\t\t\t\t<\/div>","protected":false},"excerpt":{"rendered":"<p>Erhalten Sie Ihre Frankreich&nbsp;Crit&rsquo;Air&nbsp; einfach und schnell! Frankreich Crit&rsquo;Air : Unverzichtbar f\u00fcr verantwortungsbewusstes Fahren Jetzt bestellen Lieferung nach Hause Erhalten Sie Ihre Vignette direkt nach Hause. Sicheres Bezahlen Bestellen Sie Ihre Vignette in aller Ruhe. Verfolgung Ihrer Bestellung Folgen Sie Ihrer Vignette bei jedem Schritt. Die Frankreich Crit&rsquo;Air ist wichtig, um in den verkehrsberuhigten Zonen [&hellip;]<\/p>","protected":false},"author":1,"featured_media":0,"parent":0,"menu_order":0,"comment_status":"closed","ping_status":"closed","template":"elementor_header_footer","meta":{"footnotes":""},"lang":"de","translations":{"de":762,"en":760,"fr":659,"nl":764},"_links":{"self":[{"href":"https:\/\/vignette-france-critair.com\/de\/wp-json\/wp\/v2\/pages\/762"}],"collection":[{"href":"https:\/\/vignette-france-critair.com\/de\/wp-json\/wp\/v2\/pages"}],"about":[{"href":"https:\/\/vignette-france-critair.com\/de\/wp-json\/wp\/v2\/types\/page"}],"author":[{"embeddable":true,"href":"https:\/\/vignette-france-critair.com\/de\/wp-json\/wp\/v2\/users\/1"}],"replies":[{"embeddable":true,"href":"https:\/\/vignette-france-critair.com\/de\/wp-json\/wp\/v2\/comments?post=762"}],"version-history":[{"count":16,"href":"https:\/\/vignette-france-critair.com\/de\/wp-json\/wp\/v2\/pages\/762\/revisions"}],"predecessor-version":[{"id":849,"href":"https:\/\/vignette-france-critair.com\/de\/wp-json\/wp\/v2\/pages\/762\/revisions\/849"}],"wp:attachment":[{"href":"https:\/\/vignette-france-critair.com\/de\/wp-json\/wp\/v2\/media?parent=762"}],"curies":[{"name":"wp","href":"https:\/\/api.w.org\/{rel}","templated":true}]}}